{"id":517,"date":"2020-06-15T21:57:34","date_gmt":"2020-06-15T19:57:34","guid":{"rendered":"https:\/\/familietraeff.haas-strahm.ch\/?page_id=517"},"modified":"2020-12-14T10:25:16","modified_gmt":"2020-12-14T08:25:16","slug":"waldspielgruppe","status":"publish","type":"page","link":"https:\/\/familietraeff.haas-strahm.ch\/index.php\/portrait-spielgruppe\/waldspielgruppe\/","title":{"rendered":"Waldspielgruppe"},"content":{"rendered":"\n<blockquote class=\"wp-block-quote is-layout-flow wp-block-quote-is-layout-flow\"><p>Erkl\u00e4re mir \u2013 und ich werde vergessen<br><br>Zeige mir \u2013 und ich werde verstehen<br><br>Lass mich erleben und ich werde begreifen<\/p><cite>Abwandlung von Konfuzius&nbsp;(551 v. Chr. &#8211; 479 v. Chr.), Chinesicher Philosoph<\/cite><\/blockquote>\n\n\n\n<p>Kinder, welche die Spielgruppe Himug\u00fcegeli oder S\u00fcnneli besuchen, gehen mit ihrer Gruppe einmal im Monat in den Wald. An den monatlichen Waldtagen ist immer eine zweite Leiterperson anwesend. <\/p>\n\n\n\n<ul class=\"wp-block-list\"><li>Der Wald ist ein einmaliger, lebendiger Erfahrungs- und Spielraum.<\/li><li>Der Wald bietet den Kindern die Gelegenheit, mit all ihren Sinnen die Natur zu entdecken und zu erforschen.<\/li><li>Die Kinder k\u00f6nnen ihre Bewegungsbed\u00fcrfnisse und ihren Freiheitsdrang ausleben sowie die motorischen F\u00e4higkeiten schulen.<\/li><li>Ohne Spielzeuge entdecken sie ihre Kreativit\u00e4t.<\/li><li>Es gibt Raum, um sich zu entspannen, zu geniessen und Ruhe zu finden.<\/li><\/ul>\n\n\n\n<h4 class=\"wp-block-heading\">Ausr\u00fcstung<\/h4>\n\n\n\n<p>Kleider und Schuhe dem Wetter angepasst und sie m\u00fcssen schmutzig werden d\u00fcrfen.<\/p>\n\n\n\n<h4 class=\"wp-block-heading\">Zwiebellook:<\/h4>\n\n\n\n<p><strong>Unten:<\/strong>&nbsp;Die auf der Haut getragenen Textilien nicht aus Baumwolle, sondern aus atmungsaktiven Kunstfasern, Wolle oder Seide (z. B. Thermo-Unterw\u00e4sche)<\/p>\n\n\n\n<p><strong>Mitte:<\/strong>&nbsp;w\u00e4rmeisolierende, atmungsaktive Zwischenschicht(en); Pullover, Fleece<\/p>\n\n\n\n<p><strong>Aussen:<\/strong>&nbsp;Wind- und Regen-abweisende Aussenschicht<\/p>\n\n\n\n<h4 class=\"wp-block-heading\">Warme Jahreszeit:<\/h4>\n\n\n\n<ul class=\"wp-block-list\"><li>Lange Hosen, auch im Sommer als Zeckenschutz<\/li><li>Lang\u00e4rmliges Leibchen als Zeckenschutz<\/li><li>Pullover oder Faserpelzjacke angezogen oder im Rucksack<\/li><li>Wanderschuhe oder gute Trekkingschuhe; wasserdicht. Bitte keine Sandalen<\/li><li>Kopfbedeckung<\/li><li>Matsch-Hose bitte fast immer anziehen oder im Rucksack, da im Wald der Boden meistens feucht ist<\/li><\/ul>\n\n\n\n<h4 class=\"wp-block-heading\">Kalte Jahreszeit:<\/h4>\n\n\n\n<ul class=\"wp-block-list\"><li>Lange Thermo-Hose<\/li><li>Socken ev. zwei Schichten<\/li><li>Lang\u00e4rmliges Thermoleibchen<\/li><li>Hosen-Zwischenschicht, Socken besser als Strumpfhosen, da Socken evtl. gewechselt werden m\u00fcssen<\/li><li>Pulli-Zwischenschicht (Fleece)<\/li><li>Skianzug; zweiteilig wegen WC-Gang<\/li><li>M\u00fctze<\/li><li>D\u00fcnne Fingerhandschuhe zum Essen und f\u00fcr feinmotorische T\u00e4tigkeiten<\/li><li>Fausthandschuhe wasserfest, sehr warm<\/li><li>Winterschuhe sehr warm gef\u00fcttert. wasserdicht<\/li><\/ul>\n\n\n\n<p>Je nach Wetter wasserdicht verpackte Ersatzkleider, im Winter Handschuhe &#8230; immer im Rucksack.<\/p>\n\n\n\n<h4 class=\"wp-block-heading\">Rucksack:<\/h4>\n\n\n\n<p>Nicht zu klein oder zu gross, er sollte gut sitzen, wenn m\u00f6glich wasserdicht und mit einer Schnalle ausger\u00fcstet.<\/p>\n\n\n\n<h4 class=\"wp-block-heading\">Zn\u00fcni:<\/h4>\n\n\n\n<p>Abfallarme und gesunde Verpflegung. Wir machen (immer) ein Feuer um etwas zu grillieren.<\/p>\n\n\n\n<h4 class=\"wp-block-heading\">Zecken:<\/h4>\n\n\n\n<p>Entsprechende Kleidung sowie Zeckenspray sind die beste Prophylaxe. Durch Absuchen nach dem Waldbesuch kann die Gefahr einer Infektion verhindert oder eingeschr\u00e4nkt werden.Je schneller die Zecke entfernt wird, desto geringer ist die \u00dcbertragungsgefahr (bei infizierten Zecken).<\/p>\n","protected":false},"excerpt":{"rendered":"<p>Erkl\u00e4re mir \u2013 und ich werde vergessen Zeige mir \u2013 und ich werde verstehen Lass mich erleben und ich werde<\/p>\n","protected":false},"author":1,"featured_media":0,"parent":369,"menu_order":0,"comment_status":"closed","ping_status":"closed","template":"","meta":{"ngg_post_thumbnail":0,"footnotes":""},"class_list":["post-517","page","type-page","status-publish","hentry"],"_links":{"self":[{"href":"https:\/\/familietraeff.haas-strahm.ch\/index.php\/wp-json\/wp\/v2\/pages\/517","targetHints":{"allow":["GET"]}}],"collection":[{"href":"https:\/\/familietraeff.haas-strahm.ch\/index.php\/wp-json\/wp\/v2\/pages"}],"about":[{"href":"https:\/\/familietraeff.haas-strahm.ch\/index.php\/wp-json\/wp\/v2\/types\/page"}],"author":[{"embeddable":true,"href":"https:\/\/familietraeff.haas-strahm.ch\/index.php\/wp-json\/wp\/v2\/users\/1"}],"replies":[{"embeddable":true,"href":"https:\/\/familietraeff.haas-strahm.ch\/index.php\/wp-json\/wp\/v2\/comments?post=517"}],"version-history":[{"count":7,"href":"https:\/\/familietraeff.haas-strahm.ch\/index.php\/wp-json\/wp\/v2\/pages\/517\/revisions"}],"predecessor-version":[{"id":745,"href":"https:\/\/familietraeff.haas-strahm.ch\/index.php\/wp-json\/wp\/v2\/pages\/517\/revisions\/745"}],"up":[{"embeddable":true,"href":"https:\/\/familietraeff.haas-strahm.ch\/index.php\/wp-json\/wp\/v2\/pages\/369"}],"wp:attachment":[{"href":"https:\/\/familietraeff.haas-strahm.ch\/index.php\/wp-json\/wp\/v2\/media?parent=517"}],"curies":[{"name":"wp","href":"https:\/\/api.w.org\/{rel}","templated":true}]}}