{"id":429,"date":"2020-06-13T23:27:13","date_gmt":"2020-06-13T21:27:13","guid":{"rendered":"https:\/\/familietraeff.haas-strahm.ch\/?page_id=429"},"modified":"2021-04-30T14:17:01","modified_gmt":"2021-04-30T12:17:01","slug":"so-funktionierts","status":"publish","type":"page","link":"https:\/\/familietraeff.haas-strahm.ch\/index.php\/portrait-ferienpass\/so-funktionierts\/","title":{"rendered":"So funktioniert&#8217;s"},"content":{"rendered":"\n<ul class=\"wp-block-list\"><li>Verteilung der Anmeldetalons in Schulen\/Kinderg\u00e4rten\/Spielgruppen im Fr\u00fchling<\/li><li>Aussuchen der gew\u00fcnschten Kurse auf der Homepage und eintragen in den physischen Anmeldetalon<\/li><li>Anmeldung schriftlich innerhalb gesetzter Frist an das<a href=\"https:\/\/familietraeff.haas-strahm.ch\/index.php\/portrait-ferienpass\/kontakt-ferienpass\/\" data-type=\"page\" data-id=\"439\"> Sekretariat <\/a>des Ferienpasses<\/li><li>Laufende Aktualisierung der freien Kurspl\u00e4tze (Stand der Belegung siehe unter \u00abAngebot\u00bb)<\/li><li>schriftliche Best\u00e4tigung erfolgt per Post<\/li><li>Angaben betreffend Zeit, Datum, Treffpunkt, Material siehe Aktivit\u00e4ten-Liste<\/li><li>Abholung Ferienpass-Karte am 17. oder 18. Juni 2021 im Forum Sumsiwald (kein Postversand). <\/li><li>Barzahlung bei Abholung, bitte genauen Betrag mitbringen<\/li><li>Auflage Teilnehmerlisten siehe Brief Informationen und Spielregeln Ferienpass<\/li><\/ul>\n\n\n\n<div class=\"wp-block-file\"><a href=\"https:\/\/familietraeff.haas-strahm.ch\/wp-content\/uploads\/2021\/04\/Informationen-Ferienpass-und-Spielregeln.pdf\">Informationen-Ferienpass-und-Spielregeln<\/a><a href=\"https:\/\/familietraeff.haas-strahm.ch\/wp-content\/uploads\/2021\/04\/Informationen-Ferienpass-und-Spielregeln.pdf\" class=\"wp-block-file__button\" download>Herunterladen<\/a><\/div>\n\n\n\n<h4 class=\"wp-block-heading\">S\u00e4mtliche Mitteilungen bez\u00fcglich Ferienpass sind neu hier einsehbar! Kurzfristige \u00c4nderungen, Kursabsagen oder Ausf\u00e4lle wegen COVID-19 w\u00e4hrend der Ferienpass-Woche werden so fr\u00fch wie m\u00f6glich hier mitgeteilt.<\/h4>\n\n\n\n<ul class=\"wp-block-list\"><li>max. 8 Aktivit\u00e4ten pro Kind<\/li><li>Altersangaben in der Ausschreibung sind verbindlich<\/li><li>Anmeldungen sind verbindlich<\/li><li>R\u00fcckerstattung des Kursgeldes nur bei Nichtdurchf\u00fchrung des Kurses<\/li><li>Versicherung ist Sache der Eltern, jede Haftung wird abgelehnt<\/li><li>p\u00fcnktliches Erscheinen an Kursen<\/li><\/ul>\n","protected":false},"excerpt":{"rendered":"<p>Verteilung der Anmeldetalons in Schulen\/Kinderg\u00e4rten\/Spielgruppen im Fr\u00fchling Aussuchen der gew\u00fcnschten Kurse auf der Homepage und eintragen in den physischen Anmeldetalon<\/p>\n","protected":false},"author":1,"featured_media":0,"parent":372,"menu_order":2,"comment_status":"closed","ping_status":"closed","template":"","meta":{"ngg_post_thumbnail":0,"footnotes":""},"class_list":["post-429","page","type-page","status-publish","hentry"],"_links":{"self":[{"href":"https:\/\/familietraeff.haas-strahm.ch\/index.php\/wp-json\/wp\/v2\/pages\/429","targetHints":{"allow":["GET"]}}],"collection":[{"href":"https:\/\/familietraeff.haas-strahm.ch\/index.php\/wp-json\/wp\/v2\/pages"}],"about":[{"href":"https:\/\/familietraeff.haas-strahm.ch\/index.php\/wp-json\/wp\/v2\/types\/page"}],"author":[{"embeddable":true,"href":"https:\/\/familietraeff.haas-strahm.ch\/index.php\/wp-json\/wp\/v2\/users\/1"}],"replies":[{"embeddable":true,"href":"https:\/\/familietraeff.haas-strahm.ch\/index.php\/wp-json\/wp\/v2\/comments?post=429"}],"version-history":[{"count":11,"href":"https:\/\/familietraeff.haas-strahm.ch\/index.php\/wp-json\/wp\/v2\/pages\/429\/revisions"}],"predecessor-version":[{"id":989,"href":"https:\/\/familietraeff.haas-strahm.ch\/index.php\/wp-json\/wp\/v2\/pages\/429\/revisions\/989"}],"up":[{"embeddable":true,"href":"https:\/\/familietraeff.haas-strahm.ch\/index.php\/wp-json\/wp\/v2\/pages\/372"}],"wp:attachment":[{"href":"https:\/\/familietraeff.haas-strahm.ch\/index.php\/wp-json\/wp\/v2\/media?parent=429"}],"curies":[{"name":"wp","href":"https:\/\/api.w.org\/{rel}","templated":true}]}}