{"id":427,"date":"2020-06-13T23:26:40","date_gmt":"2020-06-13T21:26:40","guid":{"rendered":"https:\/\/familietraeff.haas-strahm.ch\/?page_id=427"},"modified":"2021-12-05T14:15:21","modified_gmt":"2021-12-05T13:15:21","slug":"portrait","status":"publish","type":"page","link":"https:\/\/familietraeff.haas-strahm.ch\/index.php\/portrait\/","title":{"rendered":"Portrait"},"content":{"rendered":"\n<h3 class=\"wp-block-heading\"><strong>Herzlich willkommen<\/strong><\/h3>\n\n\n\n<p>Der<span class=\"has-inline-color has-black-color\">&nbsp;Verein Familie-Tr\u00e4ff Sumiswald-Wasen<\/span>&nbsp;wurde im Jahre 1990 von initiativen Eltern aus Sumiswald gegr\u00fcndet. Der Erfahrungsaustausch zwischen Eltern und Kindern soll durch die Spielgruppe und den verschiedenen Aktivit\u00e4ten und Anl\u00e4sse gef\u00f6rdert werden. Die Tradition ist uns ein wichtiges Anliegen und wir m\u00f6chten diese im Umgang mit den Kindern zelebrieren und leben. <\/p>\n\n\n\n<p>Der Verein f\u00fchrt und unterst\u00fctzt: <br>&#8211; die<span class=\"has-inline-color has-black-color\">\u00a0<\/span><a href=\"https:\/\/familietraeff.haas-strahm.ch\/index.php\/portrait-spielgruppe\/portrait-spielgruppe-himugueegeli\/\"><span class=\"has-inline-color has-black-color\">Spielgruppe Himug\u00fcegeli<\/span><\/a><span class=\"has-inline-color has-cyan-bluish-gray-color\">,<\/span> Sumiswald <br>&#8211; die <a href=\"https:\/\/familietraeff.haas-strahm.ch\/index.php\/portrait-spielgruppe\/portrait-spielgruppe-suenneli\/\"><span class=\"has-inline-color has-black-color\">Spielgruppe S\u00fcnneli<\/span><\/a>, Wasen<br>Unsere ausgebildeten Spielgruppenleiterinnen bieten eine abwechslungsreiche Innenspielgruppe mit Waldbesuche an.<\/p>\n\n\n\n<p>Der beliebte <a href=\"https:\/\/familietraeff.haas-strahm.ch\/index.php\/portrait-ferienpass\/\"><span class=\"has-inline-color has-black-color\">Ferienpass<\/span><\/a>, der jedes Jahr in den Sommerferien f\u00fcr die Kinder der Gemeinden Sumiswald, Affoltern und Trachselwald organisiert wird, ist eine weitere Attraktion im Angebot vom Verein Familie-Tr\u00e4ff Sumiswald-Wasen. Dank den Sponsoren, Gesch\u00e4ften und Vereinen und den vielen HelferInnen kann das OK-Ferienpass abwechslungsreiche und spannende Kurse an zahlreiche Kinder anbieten.<\/p>\n","protected":false},"excerpt":{"rendered":"<p>Herzlich willkommen Der&nbsp;Verein Familie-Tr\u00e4ff Sumiswald-Wasen&nbsp;wurde im Jahre 1990 von initiativen Eltern aus Sumiswald gegr\u00fcndet. Der Erfahrungsaustausch zwischen Eltern und Kindern<\/p>\n","protected":false},"author":1,"featured_media":0,"parent":0,"menu_order":0,"comment_status":"closed","ping_status":"closed","template":"","meta":{"ngg_post_thumbnail":0,"footnotes":""},"class_list":["post-427","page","type-page","status-publish","hentry"],"_links":{"self":[{"href":"https:\/\/familietraeff.haas-strahm.ch\/index.php\/wp-json\/wp\/v2\/pages\/427","targetHints":{"allow":["GET"]}}],"collection":[{"href":"https:\/\/familietraeff.haas-strahm.ch\/index.php\/wp-json\/wp\/v2\/pages"}],"about":[{"href":"https:\/\/familietraeff.haas-strahm.ch\/index.php\/wp-json\/wp\/v2\/types\/page"}],"author":[{"embeddable":true,"href":"https:\/\/familietraeff.haas-strahm.ch\/index.php\/wp-json\/wp\/v2\/users\/1"}],"replies":[{"embeddable":true,"href":"https:\/\/familietraeff.haas-strahm.ch\/index.php\/wp-json\/wp\/v2\/comments?post=427"}],"version-history":[{"count":12,"href":"https:\/\/familietraeff.haas-strahm.ch\/index.php\/wp-json\/wp\/v2\/pages\/427\/revisions"}],"predecessor-version":[{"id":1119,"href":"https:\/\/familietraeff.haas-strahm.ch\/index.php\/wp-json\/wp\/v2\/pages\/427\/revisions\/1119"}],"wp:attachment":[{"href":"https:\/\/familietraeff.haas-strahm.ch\/index.php\/wp-json\/wp\/v2\/media?parent=427"}],"curies":[{"name":"wp","href":"https:\/\/api.w.org\/{rel}","templated":true}]}}