{"id":414,"date":"2020-06-13T23:20:56","date_gmt":"2020-06-13T21:20:56","guid":{"rendered":"https:\/\/familietraeff.haas-strahm.ch\/?page_id=414"},"modified":"2020-12-30T23:11:46","modified_gmt":"2020-12-30T21:11:46","slug":"waldspielgruppe-wasen","status":"publish","type":"page","link":"https:\/\/familietraeff.haas-strahm.ch\/index.php\/portrait-spielgruppe\/portrait-spielgruppe-suenneli\/waldspielgruppe-wasen\/","title":{"rendered":"Waldspielgruppe Wasen"},"content":{"rendered":"\n<h6 class=\"wp-block-heading\"><strong>Besammlung W\u00e4rmeverbund Kleinegg<\/strong>, Wasen<\/h6>\n\n\n\n<h6 class=\"wp-block-heading\"><strong>Morgens von 08.30 &#8211; 11.00 Uhr<\/strong><\/h6>\n\n\n\n<h6 class=\"wp-block-heading\"><strong>Nachmittags von 13.30 &#8211; 16.00 Uhr<\/strong><\/h6>\n\n\n\n<p><\/p>\n\n\n\n<h6 class=\"wp-block-heading\">Mit einem feinem Zn\u00fcni im R\u00fccksack laufen wir zusammen dem Feld- und Waldrand entlang zum Lindenw\u00e4ldchen. Beim Waldsofa steht uns eine spannende und beobachtungsreiche Spielgruppe bevor. <\/h6>\n\n\n\n<h3 class=\"wp-block-heading\"><strong><span class=\"has-inline-color has-luminous-vivid-amber-color\">Walddaten 2020 \/ 2021<\/span><\/strong><\/h3>\n\n\n\n<div class=\"wp-block-columns is-layout-flex wp-container-core-columns-is-layout-28f84493 wp-block-columns-is-layout-flex\">\n<div class=\"wp-block-column is-layout-flow wp-block-column-is-layout-flow\">\n<ul class=\"wp-block-list\"><li>Montag, 26. Oktober 2020<\/li><li>Montag, 30. November 2020<\/li><li>Montag, 25. Januar 2021<\/li><li>Montag, 15. M\u00e4rz 2021<\/li><li>Montag, 26. April 2021<\/li><li>Montag, 07. Juni 2021<\/li><\/ul>\n<\/div>\n\n\n\n<div class=\"wp-block-column is-layout-flow wp-block-column-is-layout-flow\">\n<ul class=\"wp-block-list\"><li>Freitag, 30. Oktober 2020<\/li><li>Freitag, 04. Dezember 2020<\/li><li>Freitag, 29. Januar 2021<\/li><li>Freitag,19. M\u00e4rz 2021<\/li><li>Freitag, 30. April 2021<\/li><li>Freitag, 11. Juni 2021<\/li><\/ul>\n\n\n\n<p><\/p>\n<\/div>\n<\/div>\n\n\n\n<p><\/p>\n","protected":false},"excerpt":{"rendered":"<p>Besammlung W\u00e4rmeverbund Kleinegg, Wasen Morgens von 08.30 &#8211; 11.00 Uhr Nachmittags von 13.30 &#8211; 16.00 Uhr Mit einem feinem Zn\u00fcni<\/p>\n","protected":false},"author":1,"featured_media":0,"parent":376,"menu_order":0,"comment_status":"closed","ping_status":"closed","template":"","meta":{"ngg_post_thumbnail":0,"footnotes":""},"class_list":["post-414","page","type-page","status-publish","hentry"],"_links":{"self":[{"href":"https:\/\/familietraeff.haas-strahm.ch\/index.php\/wp-json\/wp\/v2\/pages\/414","targetHints":{"allow":["GET"]}}],"collection":[{"href":"https:\/\/familietraeff.haas-strahm.ch\/index.php\/wp-json\/wp\/v2\/pages"}],"about":[{"href":"https:\/\/familietraeff.haas-strahm.ch\/index.php\/wp-json\/wp\/v2\/types\/page"}],"author":[{"embeddable":true,"href":"https:\/\/familietraeff.haas-strahm.ch\/index.php\/wp-json\/wp\/v2\/users\/1"}],"replies":[{"embeddable":true,"href":"https:\/\/familietraeff.haas-strahm.ch\/index.php\/wp-json\/wp\/v2\/comments?post=414"}],"version-history":[{"count":11,"href":"https:\/\/familietraeff.haas-strahm.ch\/index.php\/wp-json\/wp\/v2\/pages\/414\/revisions"}],"predecessor-version":[{"id":820,"href":"https:\/\/familietraeff.haas-strahm.ch\/index.php\/wp-json\/wp\/v2\/pages\/414\/revisions\/820"}],"up":[{"embeddable":true,"href":"https:\/\/familietraeff.haas-strahm.ch\/index.php\/wp-json\/wp\/v2\/pages\/376"}],"wp:attachment":[{"href":"https:\/\/familietraeff.haas-strahm.ch\/index.php\/wp-json\/wp\/v2\/media?parent=414"}],"curies":[{"name":"wp","href":"https:\/\/api.w.org\/{rel}","templated":true}]}}