{"id":408,"date":"2020-06-13T23:18:59","date_gmt":"2020-06-13T21:18:59","guid":{"rendered":"https:\/\/familietraeff.haas-strahm.ch\/?page_id=408"},"modified":"2021-02-13T11:38:42","modified_gmt":"2021-02-13T09:38:42","slug":"jahresbericht-protokoll","status":"publish","type":"page","link":"https:\/\/familietraeff.haas-strahm.ch\/index.php\/portrait\/jahresbericht-protokoll\/","title":{"rendered":"Vorstand"},"content":{"rendered":"\n<div class=\"wp-block-columns is-layout-flex wp-container-core-columns-is-layout-28f84493 wp-block-columns-is-layout-flex\">\n<div class=\"wp-block-column is-layout-flow wp-block-column-is-layout-flow\" style=\"flex-basis:100%\">\n<figure class=\"wp-block-table aligncenter is-style-regular\"><table><tbody><tr><td class=\"has-text-align-center\" data-align=\"center\"><img decoding=\"async\" src=\"https:\/\/familietraeff.haas-strahm.ch\/wp-content\/uploads\/2020\/12\/IMG-20201121-WA00331-e1608232221880-1024x1024.jpg\"><\/td><td class=\"has-text-align-center\" data-align=\"center\"><img decoding=\"async\" src=\"https:\/\/familietraeff.haas-strahm.ch\/wp-content\/uploads\/2020\/12\/IMG-20201121-WA00001-e1608232419995-1024x1024.jpg\"><\/td><td class=\"has-text-align-center\" data-align=\"center\"><img loading=\"lazy\" decoding=\"async\" width=\"1024\" height=\"1024\" src=\"https:\/\/familietraeff.haas-strahm.ch\/wp-content\/uploads\/2020\/12\/IMG-20201121-WA00341-e1608232110894-1024x1024.jpg\" alt=\"\" class=\"wp-image-797\" style=\"width: px;\" srcset=\"https:\/\/familietraeff.haas-strahm.ch\/wp-content\/uploads\/2020\/12\/IMG-20201121-WA00341-e1608232110894-1024x1024.jpg 1024w, https:\/\/familietraeff.haas-strahm.ch\/wp-content\/uploads\/2020\/12\/IMG-20201121-WA00341-e1608232110894-300x300.jpg 300w, https:\/\/familietraeff.haas-strahm.ch\/wp-content\/uploads\/2020\/12\/IMG-20201121-WA00341-e1608232110894-150x150.jpg 150w, https:\/\/familietraeff.haas-strahm.ch\/wp-content\/uploads\/2020\/12\/IMG-20201121-WA00341-e1608232110894-768x768.jpg 768w, https:\/\/familietraeff.haas-strahm.ch\/wp-content\/uploads\/2020\/12\/IMG-20201121-WA00341-e1608232110894-1080x1080.jpg 1080w, https:\/\/familietraeff.haas-strahm.ch\/wp-content\/uploads\/2020\/12\/IMG-20201121-WA00341-e1608232110894.jpg 1397w\" sizes=\"auto, (max-width: 1024px) 100vw, 1024px\" \/><\/td><\/tr><tr><td class=\"has-text-align-center\" data-align=\"center\">Martina Gerber<br>Pr\u00e4sidentin<\/td><td class=\"has-text-align-center\" data-align=\"center\">Cornelia Krall<br>Kassierin<\/td><td class=\"has-text-align-center\" data-align=\"center\">Karin Haslebacher<br>Sekret\u00e4rin<\/td><\/tr><tr><td class=\"has-text-align-center\" data-align=\"center\"><img decoding=\"async\" src=\"https:\/\/familietraeff.haas-strahm.ch\/wp-content\/uploads\/2020\/12\/IMG-20201121-WA00051-e1608232347784-1024x1024.jpg\"><\/td><td class=\"has-text-align-center\" data-align=\"center\"><strong><img decoding=\"async\" src=\"https:\/\/familietraeff.haas-strahm.ch\/wp-content\/uploads\/2020\/12\/IMG-20201121-WA00041-e1608232318221-1024x1024.jpg\"><\/strong><\/td><td class=\"has-text-align-center\" data-align=\"center\"><img decoding=\"async\" src=\"https:\/\/familietraeff.haas-strahm.ch\/wp-content\/uploads\/2020\/12\/IMG-20201121-WA00481-e1608232390794-1024x1024.jpg\"><\/td><\/tr><tr><td class=\"has-text-align-center\" data-align=\"center\">Anita Gfeller<br>SG Himug\u00fcegeli<\/td><td class=\"has-text-align-center\" data-align=\"center\">Andrea Haas<br>SG S\u00fcnneli<\/td><td class=\"has-text-align-center\" data-align=\"center\">Franziska Z\u00fcrcher<br>Beisitzerin<\/td><\/tr><tr><td class=\"has-text-align-center\" data-align=\"center\"><img decoding=\"async\" src=\"https:\/\/familietraeff.haas-strahm.ch\/wp-content\/uploads\/2020\/12\/IMG-20201121-WA00181-e1608232165836-1024x1024.jpg\"><\/td><td class=\"has-text-align-center\" data-align=\"center\"><img decoding=\"async\" src=\"https:\/\/familietraeff.haas-strahm.ch\/wp-content\/uploads\/2020\/12\/IMG-20201121-WA00081-e1608232275435-1024x1024.jpg\"><\/td><td class=\"has-text-align-center\" data-align=\"center\"><\/td><\/tr><tr><td class=\"has-text-align-center\" data-align=\"center\">Sandra Foerster<br>Beisitzerin<\/td><td class=\"has-text-align-center\" data-align=\"center\">Clivia Eggimann<br>SG Himug\u00fcegeli<\/td><td class=\"has-text-align-center\" data-align=\"center\"><\/td><\/tr><\/tbody><\/table><\/figure>\n\n\n\n<div class=\"wp-block-group\"><div class=\"wp-block-group__inner-container is-layout-flow wp-block-group-is-layout-flow\">\n<div class=\"wp-block-columns is-layout-flex wp-container-core-columns-is-layout-28f84493 wp-block-columns-is-layout-flex\">\n<div class=\"wp-block-column is-layout-flow wp-block-column-is-layout-flow\" style=\"flex-basis:100%\">\n<p><\/p>\n<\/div>\n<\/div>\n<\/div><\/div>\n<\/div>\n<\/div>\n","protected":false},"excerpt":{"rendered":"<p>Martina GerberPr\u00e4sidentin Cornelia KrallKassierin Karin HaslebacherSekret\u00e4rin Anita GfellerSG Himug\u00fcegeli Andrea HaasSG S\u00fcnneli Franziska Z\u00fcrcherBeisitzerin Sandra FoersterBeisitzerin Clivia EggimannSG Himug\u00fcegeli<\/p>\n","protected":false},"author":1,"featured_media":0,"parent":427,"menu_order":1,"comment_status":"closed","ping_status":"closed","template":"","meta":{"ngg_post_thumbnail":0,"footnotes":""},"class_list":["post-408","page","type-page","status-publish","hentry"],"_links":{"self":[{"href":"https:\/\/familietraeff.haas-strahm.ch\/index.php\/wp-json\/wp\/v2\/pages\/408","targetHints":{"allow":["GET"]}}],"collection":[{"href":"https:\/\/familietraeff.haas-strahm.ch\/index.php\/wp-json\/wp\/v2\/pages"}],"about":[{"href":"https:\/\/familietraeff.haas-strahm.ch\/index.php\/wp-json\/wp\/v2\/types\/page"}],"author":[{"embeddable":true,"href":"https:\/\/familietraeff.haas-strahm.ch\/index.php\/wp-json\/wp\/v2\/users\/1"}],"replies":[{"embeddable":true,"href":"https:\/\/familietraeff.haas-strahm.ch\/index.php\/wp-json\/wp\/v2\/comments?post=408"}],"version-history":[{"count":20,"href":"https:\/\/familietraeff.haas-strahm.ch\/index.php\/wp-json\/wp\/v2\/pages\/408\/revisions"}],"predecessor-version":[{"id":862,"href":"https:\/\/familietraeff.haas-strahm.ch\/index.php\/wp-json\/wp\/v2\/pages\/408\/revisions\/862"}],"up":[{"embeddable":true,"href":"https:\/\/familietraeff.haas-strahm.ch\/index.php\/wp-json\/wp\/v2\/pages\/427"}],"wp:attachment":[{"href":"https:\/\/familietraeff.haas-strahm.ch\/index.php\/wp-json\/wp\/v2\/media?parent=408"}],"curies":[{"name":"wp","href":"https:\/\/api.w.org\/{rel}","templated":true}]}}