{"id":406,"date":"2020-06-13T23:18:29","date_gmt":"2020-06-13T21:18:29","guid":{"rendered":"https:\/\/familietraeff.haas-strahm.ch\/?page_id=406"},"modified":"2022-03-10T14:46:42","modified_gmt":"2022-03-10T13:46:42","slug":"veranstaltungen","status":"publish","type":"page","link":"https:\/\/familietraeff.haas-strahm.ch\/index.php\/portrait\/veranstaltungen\/","title":{"rendered":"Veranstaltungen"},"content":{"rendered":"\n<h6 class=\"wp-block-heading\"><strong><span class=\"has-inline-color has-vivid-red-color\"><\/span><\/strong>Corona-Bedingt haben wir uns noch nicht an die exakte Planung der Veranstaltungen gewagt. Daten und weitere Details werden laufen erg\u00e4nzt &#8211; vielen Dank f\u00fcr Ihr Verst\u00e4ndnis.<\/h6>\n\n\n\n<div class=\"wp-block-group is-layout-flow wp-block-group-is-layout-flow\"><\/div>\n\n\n\t\n<div class=\"wp-block-inline-spoilers-block\"><div class=\"spoiler-wrap\"><div class=\"spoiler-head collapsed\" title=\"Expand\">Hauptversammlung Verein Familie-Tr\u00e4ff Sumiswald-Wasen<\/div><div class=\"spoiler-body\" style=\"display:none\">Die anhaltende Situation rund um Corona zwingt uns, die Hauptversammlung auf schriftlicher Basis abzuhalten. Im Verlauf vom M\u00e4rz 2021 werden wir unsere Vereinsmitglieder \u00fcber das vergangene und \u00fcber kommende Jahr informieren und so die Hauptversammlung auf schriftlicher Weise durchf\u00fchren. Vielen Dank f\u00fcr Eure Kenntnisnahme!<br\/><br\/><strong>Datum:\u00a0<\/strong>M\u00e4rz 2021<\/div><noscript><div class=\"spoiler-body\">Die anhaltende Situation rund um Corona zwingt uns, die Hauptversammlung auf schriftlicher Basis abzuhalten. Im Verlauf vom M\u00e4rz 2021 werden wir unsere Vereinsmitglieder \u00fcber das vergangene und \u00fcber kommende Jahr informieren und so die Hauptversammlung auf schriftlicher Weise durchf\u00fchren. Vielen Dank f\u00fcr Eure Kenntnisnahme!<br\/><br\/><strong>Datum:\u00a0<\/strong>M\u00e4rz 2021<\/div><\/noscript><\/div><\/div>\n\n\n\t\n<div class=\"wp-block-inline-spoilers-block\"><div class=\"spoiler-wrap\"><div class=\"spoiler-head collapsed\" title=\"Expand\">Spiel &amp; Spass<\/div><div class=\"spoiler-body\" style=\"display:none\">Zusammen laufen wir  in den Spielgruppenwald und geniessen einen lustigen Nachmittag beim Spielen, Singen, Basteln und Zvieri essen.<br\/><br\/><strong>Datum:<\/strong> 1. Woche in den Fr\u00fchlingsferien<br\/><strong>F\u00fcr Fragen:<\/strong>\u00a0Franziska Z\u00fcrcher \u00b7 Telefon 079 405 39 24<\/div><noscript><div class=\"spoiler-body\">Zusammen laufen wir  in den Spielgruppenwald und geniessen einen lustigen Nachmittag beim Spielen, Singen, Basteln und Zvieri essen.<br\/><br\/><strong>Datum:<\/strong> 1. Woche in den Fr\u00fchlingsferien<br\/><strong>F\u00fcr Fragen:<\/strong>\u00a0Franziska Z\u00fcrcher \u00b7 Telefon 079 405 39 24<\/div><\/noscript><\/div><\/div>\n\n\n\t\n<div class=\"wp-block-inline-spoilers-block\"><div class=\"spoiler-wrap\"><div class=\"spoiler-head collapsed\" title=\"Expand\">Ferienpass<\/div><div class=\"spoiler-body\" style=\"display:none\">Ein spannendes und kunterbuntes Ferienpassprogramm wird jeweils Ende April in den Schulen und Kinderg\u00e4rten der Gemeinden Sumiswald, Wasen, Affoltern und Trachselwald abgegeben.<br\/><br\/><strong>Datum:<\/strong> 1. Woche in den Sommerferien<br\/><strong>F\u00fcr Fragen:<\/strong>\u00a0Flurina Suter \u00b7 Telefon 034 496 52 83<\/div><noscript><div class=\"spoiler-body\">Ein spannendes und kunterbuntes Ferienpassprogramm wird jeweils Ende April in den Schulen und Kinderg\u00e4rten der Gemeinden Sumiswald, Wasen, Affoltern und Trachselwald abgegeben.<br\/><br\/><strong>Datum:<\/strong> 1. Woche in den Sommerferien<br\/><strong>F\u00fcr Fragen:<\/strong>\u00a0Flurina Suter \u00b7 Telefon 034 496 52 83<\/div><\/noscript><\/div><\/div>\n\n\n\t\n<div class=\"wp-block-inline-spoilers-block\"><div class=\"spoiler-wrap\"><div class=\"spoiler-head collapsed\" title=\"Expand\">MFM-Projekt &#8211; sexualp\u00e4dagogisches Pr\u00e4ventionsprojetk f\u00fcr 10 &#8211; 12 j\u00e4hrige M\u00e4dchen<\/div><div class=\"spoiler-body\" style=\"display:none\">Wie M\u00e4dchen ihren eigenen K\u00f6rper erleben und bewerten, hat grossen Einfluss auf ihr Selbstwert- und Lebensgef\u00fchl. Ein verantwortungsvoller Umgang mit Gesundheit, Sexualit\u00e4t und Fruchtbarkeit kann nur dann gelingen, wenn junge Menschen dem K\u00f6rper Achtung und Wertsch\u00e4tzung entgegenbringen.<br\/><br\/>In einem\u00a0<strong>Tagesworkshops<\/strong>\u00a0werden die 10-12-j\u00e4hrigen M\u00e4dchen behutsam in die Pubert\u00e4t begleitet. Altersgerecht, mit viel Material, Spielen und Musik lernen sie die k\u00f6rperlichen und seelischen Ver\u00e4nderungen kennen und verstehen. Vor dem Workshop findet jeweils einen Vortragsabend f\u00fcr die Eltern statt.<br\/><br\/><strong>Voraussichtliche Kursdaten 2021:<\/strong> Woche 47<br\/><strong>F\u00fcr Fragen:<\/strong>\u00a0Franziska Z\u00fcrcher \u00b7 Telefon 079 405 39 24<\/div><noscript><div class=\"spoiler-body\">Wie M\u00e4dchen ihren eigenen K\u00f6rper erleben und bewerten, hat grossen Einfluss auf ihr Selbstwert- und Lebensgef\u00fchl. Ein verantwortungsvoller Umgang mit Gesundheit, Sexualit\u00e4t und Fruchtbarkeit kann nur dann gelingen, wenn junge Menschen dem K\u00f6rper Achtung und Wertsch\u00e4tzung entgegenbringen.<br\/><br\/>In einem\u00a0<strong>Tagesworkshops<\/strong>\u00a0werden die 10-12-j\u00e4hrigen M\u00e4dchen behutsam in die Pubert\u00e4t begleitet. Altersgerecht, mit viel Material, Spielen und Musik lernen sie die k\u00f6rperlichen und seelischen Ver\u00e4nderungen kennen und verstehen. Vor dem Workshop findet jeweils einen Vortragsabend f\u00fcr die Eltern statt.<br\/><br\/><strong>Voraussichtliche Kursdaten 2021:<\/strong> Woche 47<br\/><strong>F\u00fcr Fragen:<\/strong>\u00a0Franziska Z\u00fcrcher \u00b7 Telefon 079 405 39 24<\/div><\/noscript><\/div><\/div>\n\n\n\t\n<div class=\"wp-block-inline-spoilers-block\"><div class=\"spoiler-wrap\"><div class=\"spoiler-head collapsed\" title=\"Expand\">MFM-Projekt &#8211; sexualp\u00e4dagogisches Pr\u00e4ventionsprojetk f\u00fcr 10 &#8211; 12 j\u00e4hrige Jungen.<\/div><div class=\"spoiler-body\" style=\"display:none\">Wie Jungs ihren eigenen K\u00f6rper erleben und bewerten, hat grossen Einfluss auf ihr Selbstwert- und Lebensgef\u00fchl. Ein verantwortungsvoller Umgang mit Gesundheit, Sexualit\u00e4t und Fruchtbarkeit kann nur dann gelingen, wenn junge Menschen dem K\u00f6rper Achtung und Wertsch\u00e4tzung entgegenbringen.<br\/><br\/>In einem <strong>Tagesworkshops<\/strong>\u00a0werden die 10-12-j\u00e4hrigen Jungen behutsam in die Pubert\u00e4t begleitet. Altersgerecht, mit viel Material, Spielen und Musik lernen sie die k\u00f6rperlichen und seelischen Ver\u00e4nderungen kennen und verstehen. Vor dem Workshop findet jeweils einen Vortragsabend f\u00fcr die Eltern statt.<br\/><br\/><strong>Voraussichtliche Kursdaten 2021:<\/strong> Woche 47<br\/><strong>F\u00fcr Fragen:<\/strong>\u00a0Franziska Z\u00fcrcher \u00b7 Telefon 079 405 39 24<\/div><noscript><div class=\"spoiler-body\">Wie Jungs ihren eigenen K\u00f6rper erleben und bewerten, hat grossen Einfluss auf ihr Selbstwert- und Lebensgef\u00fchl. Ein verantwortungsvoller Umgang mit Gesundheit, Sexualit\u00e4t und Fruchtbarkeit kann nur dann gelingen, wenn junge Menschen dem K\u00f6rper Achtung und Wertsch\u00e4tzung entgegenbringen.<br\/><br\/>In einem <strong>Tagesworkshops<\/strong>\u00a0werden die 10-12-j\u00e4hrigen Jungen behutsam in die Pubert\u00e4t begleitet. Altersgerecht, mit viel Material, Spielen und Musik lernen sie die k\u00f6rperlichen und seelischen Ver\u00e4nderungen kennen und verstehen. Vor dem Workshop findet jeweils einen Vortragsabend f\u00fcr die Eltern statt.<br\/><br\/><strong>Voraussichtliche Kursdaten 2021:<\/strong> Woche 47<br\/><strong>F\u00fcr Fragen:<\/strong>\u00a0Franziska Z\u00fcrcher \u00b7 Telefon 079 405 39 24<\/div><\/noscript><\/div><\/div>\n\n\n\t\n<div class=\"wp-block-inline-spoilers-block\"><div class=\"spoiler-wrap\"><div class=\"spoiler-head collapsed\" title=\"Expand\">Weihnachtswerkstatt<\/div><div class=\"spoiler-body\" style=\"display:none\">Wir basteln mit Kinder im Alter von 3 &#8211; 7 Jahren h\u00fcbsche Advents- und Weihnachtsgeschenke.<br\/><br\/><strong>Datum<\/strong>: <br\/><strong>F\u00fcr Fragen:<\/strong>\u00a0Franziska Z\u00fcrcher \u00b7 Telefon 079 405 39 24<\/div><noscript><div class=\"spoiler-body\">Wir basteln mit Kinder im Alter von 3 &#8211; 7 Jahren h\u00fcbsche Advents- und Weihnachtsgeschenke.<br\/><br\/><strong>Datum<\/strong>: <br\/><strong>F\u00fcr Fragen:<\/strong>\u00a0Franziska Z\u00fcrcher \u00b7 Telefon 079 405 39 24<\/div><\/noscript><\/div><\/div>\n\n\n\t\n<div class=\"wp-block-inline-spoilers-block\"><div class=\"spoiler-wrap\"><div class=\"spoiler-head collapsed\" title=\"Expand\">R\u00e4beliechtliumzug<\/div><div class=\"spoiler-body\" style=\"display:none\">Wir schnitzen mit 3- bis 8-j\u00e4hrigen Kinder ein R\u00e4beliechtli. Anschliessend machen wir einen liechterf\u00fcllten Umzug durchs Dorf.<br\/><br\/><strong>Datum<\/strong>: 1. Freitag im November <br\/><strong>F\u00fcr Fragen:<\/strong>\u00a0Cornelia Krall \u00b7 Telefon 079 305 21 16<\/div><noscript><div class=\"spoiler-body\">Wir schnitzen mit 3- bis 8-j\u00e4hrigen Kinder ein R\u00e4beliechtli. Anschliessend machen wir einen liechterf\u00fcllten Umzug durchs Dorf.<br\/><br\/><strong>Datum<\/strong>: 1. Freitag im November <br\/><strong>F\u00fcr Fragen:<\/strong>\u00a0Cornelia Krall \u00b7 Telefon 079 305 21 16<\/div><\/noscript><\/div><\/div>\n\n\n\t\n<div class=\"wp-block-inline-spoilers-block\"><div class=\"spoiler-wrap\"><div class=\"spoiler-head collapsed\" title=\"Expand\">Adventsfenster<\/div><div class=\"spoiler-body\" style=\"display:none\">Die Adventsfenster finden im Wechsel zwischen Sumiswald (gerade Jahren) und Wasen (ungerade Jahren) statt. In Dezember 2021 erleuchten diese im Ortsteil Wasen. Wenn Sie interessen haben, ein Adventsfenster zu dekorieren freuen wir uns auf Ihre Nachricht.<br\/><br\/><strong>F\u00fcr Fragen:\u00a0<\/strong>Sandra Foerster \u00b7 Telefon 079 388 94 59 \u00b7 f\u00fcr gerade Jahre in Sumiswald<br\/>                      Rosette Jutzi \u00b7Telefon 034 437 02 24 \u00b7 f\u00fcr ungerade Jahre in Wasen                                                                                                                                                                                                                                                                                                                                               <\/div><noscript><div class=\"spoiler-body\">Die Adventsfenster finden im Wechsel zwischen Sumiswald (gerade Jahren) und Wasen (ungerade Jahren) statt. In Dezember 2021 erleuchten diese im Ortsteil Wasen. Wenn Sie interessen haben, ein Adventsfenster zu dekorieren freuen wir uns auf Ihre Nachricht.<br\/><br\/><strong>F\u00fcr Fragen:\u00a0<\/strong>Sandra Foerster \u00b7 Telefon 079 388 94 59 \u00b7 f\u00fcr gerade Jahre in Sumiswald<br\/>                      Rosette Jutzi \u00b7Telefon 034 437 02 24 \u00b7 f\u00fcr ungerade Jahre in Wasen                                                                                                                                                                                                                                                                                                                                               <\/div><\/noscript><\/div><\/div>\n\n\n\t\n<div class=\"wp-block-inline-spoilers-block\"><div class=\"spoiler-wrap\"><div class=\"spoiler-head collapsed\" title=\"Expand\">Samichlous suchen im Wald, 06. Dezember<\/div><div class=\"spoiler-body\" style=\"display:none\">Traditionell suchen wir zusammen den Samichlous. Details folgen im Verlauf vom Sommer \/ Herbst.<br\/><br\/><strong>Datum<\/strong>: Montag, 6. Dezember 2021<br\/><strong>F\u00fcr Fragen:\u00a0<\/strong>Sandra Foerster \u00b7 Telefon 079 388 94 59<\/div><noscript><div class=\"spoiler-body\">Traditionell suchen wir zusammen den Samichlous. Details folgen im Verlauf vom Sommer \/ Herbst.<br\/><br\/><strong>Datum<\/strong>: Montag, 6. Dezember 2021<br\/><strong>F\u00fcr Fragen:\u00a0<\/strong>Sandra Foerster \u00b7 Telefon 079 388 94 59<\/div><\/noscript><\/div><\/div>\n\n\n\t\n<div class=\"wp-block-inline-spoilers-block\"><div class=\"spoiler-wrap\"><div class=\"spoiler-head collapsed\" title=\"Expand\">Hausbesuch vom Samichlous, 06. Dezember<\/div><div class=\"spoiler-body\" style=\"display:none\">W\u00fcnschen Sie einen pers\u00f6nlichen Besuch vom Samichlous zu Hause? Gerne vermitteln wir Ihnen einen Samichlous inkl. Schmutzli. Weitere Informationen und das Anmeldeformular k\u00f6nnen Sie jeweils nach den Herbstferien hier entnehmen. <br\/><br\/><strong>Datum<\/strong>: Montag, 6. Dezember 2021<br\/><strong>F\u00fcr Fragen:<\/strong>\u00a0 Anita Gfeller \u00b7 Telefon 034 431 19 40<\/div><noscript><div class=\"spoiler-body\">W\u00fcnschen Sie einen pers\u00f6nlichen Besuch vom Samichlous zu Hause? Gerne vermitteln wir Ihnen einen Samichlous inkl. Schmutzli. Weitere Informationen und das Anmeldeformular k\u00f6nnen Sie jeweils nach den Herbstferien hier entnehmen. <br\/><br\/><strong>Datum<\/strong>: Montag, 6. Dezember 2021<br\/><strong>F\u00fcr Fragen:<\/strong>\u00a0 Anita Gfeller \u00b7 Telefon 034 431 19 40<\/div><\/noscript><\/div><\/div>\n\n\n\t\n<div class=\"wp-block-inline-spoilers-block\"><div class=\"spoiler-wrap\"><div class=\"spoiler-head collapsed\" title=\"Expand\">Weihnachtsmarkt Sumiswald<\/div><div class=\"spoiler-body\" style=\"display:none\">Mit dem Leiterwagen gef\u00fcllt mit S\u00fcssigkeiten und Bastelarbeiten sind wir auf dem Weihnachtsmarkt in Sumiswald anzutreffen. <br\/><br\/><strong>Datum<\/strong>: Dienstag, 14. Dezember 2021<br\/><strong>Ort<\/strong>: Sumiswald, Kirchgasse<\/div><noscript><div class=\"spoiler-body\">Mit dem Leiterwagen gef\u00fcllt mit S\u00fcssigkeiten und Bastelarbeiten sind wir auf dem Weihnachtsmarkt in Sumiswald anzutreffen. <br\/><br\/><strong>Datum<\/strong>: Dienstag, 14. Dezember 2021<br\/><strong>Ort<\/strong>: Sumiswald, Kirchgasse<\/div><\/noscript><\/div><\/div>\n\n\n\t\n<div class=\"wp-block-inline-spoilers-block\"><div class=\"spoiler-wrap\"><div class=\"spoiler-head collapsed\" title=\"Expand\">Babysitter-Kurs<\/div><div class=\"spoiler-body\" style=\"display:none\">hfjdfhdfh<\/div><noscript><div class=\"spoiler-body\">hfjdfhdfh<\/div><\/noscript><\/div><\/div>\n","protected":false},"excerpt":{"rendered":"<p>Corona-Bedingt haben wir uns noch nicht an die exakte Planung der Veranstaltungen gewagt. Daten und weitere Details werden laufen erg\u00e4nzt<\/p>\n","protected":false},"author":1,"featured_media":0,"parent":427,"menu_order":0,"comment_status":"closed","ping_status":"closed","template":"","meta":{"ngg_post_thumbnail":0,"footnotes":""},"class_list":["post-406","page","type-page","status-publish","hentry"],"_links":{"self":[{"href":"https:\/\/familietraeff.haas-strahm.ch\/index.php\/wp-json\/wp\/v2\/pages\/406","targetHints":{"allow":["GET"]}}],"collection":[{"href":"https:\/\/familietraeff.haas-strahm.ch\/index.php\/wp-json\/wp\/v2\/pages"}],"about":[{"href":"https:\/\/familietraeff.haas-strahm.ch\/index.php\/wp-json\/wp\/v2\/types\/page"}],"author":[{"embeddable":true,"href":"https:\/\/familietraeff.haas-strahm.ch\/index.php\/wp-json\/wp\/v2\/users\/1"}],"replies":[{"embeddable":true,"href":"https:\/\/familietraeff.haas-strahm.ch\/index.php\/wp-json\/wp\/v2\/comments?post=406"}],"version-history":[{"count":37,"href":"https:\/\/familietraeff.haas-strahm.ch\/index.php\/wp-json\/wp\/v2\/pages\/406\/revisions"}],"predecessor-version":[{"id":1135,"href":"https:\/\/familietraeff.haas-strahm.ch\/index.php\/wp-json\/wp\/v2\/pages\/406\/revisions\/1135"}],"up":[{"embeddable":true,"href":"https:\/\/familietraeff.haas-strahm.ch\/index.php\/wp-json\/wp\/v2\/pages\/427"}],"wp:attachment":[{"href":"https:\/\/familietraeff.haas-strahm.ch\/index.php\/wp-json\/wp\/v2\/media?parent=406"}],"curies":[{"name":"wp","href":"https:\/\/api.w.org\/{rel}","templated":true}]}}