{"id":376,"date":"2020-06-13T21:31:44","date_gmt":"2020-06-13T19:31:44","guid":{"rendered":"https:\/\/familietraeff.haas-strahm.ch\/?page_id=376"},"modified":"2020-12-30T23:14:32","modified_gmt":"2020-12-30T21:14:32","slug":"portrait-spielgruppe-suenneli","status":"publish","type":"page","link":"https:\/\/familietraeff.haas-strahm.ch\/index.php\/portrait-spielgruppe\/portrait-spielgruppe-suenneli\/","title":{"rendered":"Portrait Spielgruppe S\u00fcnneli"},"content":{"rendered":"\n<p>Es freut uns sehr, dass wir auf das Schuljahr 2020 \/ 2021 mit der Spielgruppe S\u00fcnneli, Wasen unser Angebot in der Gemeinde erweitern konnten. Mit Andrea Haas haben wir eine liebevolle und versierte Spielgruppenleiterin gewonnen. Die grossz\u00fcgigen R\u00e4umlichkeiten sind praktisch und liebevoll eingerichtet und bieten bunte und vielf\u00e4lltige Spielm\u00f6glichkeiten. Auch in Wasen findet in regelm\u00e4ssigen Abst\u00e4nden die Spielgruppe im Lindenw\u00e4ldchen statt. <\/p>\n\n\n\n<p><strong><span class=\"has-inline-color has-luminous-vivid-amber-color\">Standort Wasen<\/span><\/strong><\/p>\n\n\n\n<p>Spielgruppe S\u00fcnneli<\/p>\n\n\n\n<p>Oeleweg 9<\/p>\n\n\n\n<p>3457 Wasen <\/p>\n\n\n\n<p><strong><span class=\"has-inline-color has-luminous-vivid-amber-color\">Unterrichtszeiten<\/span><\/strong><\/p>\n\n\n\n<p>Morgens von 08.30 &#8211; 11.00 Uhr<\/p>\n\n\n\n<p>Nachmittags von 13.30 &#8211; 16.00 Uhr<\/p>\n\n\n\n<p><span class=\"has-inline-color has-luminous-vivid-amber-color\"><strong>Leitung Spielgruppe S\u00fcnneli<\/strong><\/span><\/p>\n\n\n\n<p>Andrea Haas, Wasen<\/p>\n","protected":false},"excerpt":{"rendered":"<p>Es freut uns sehr, dass wir auf das Schuljahr 2020 \/ 2021 mit der Spielgruppe S\u00fcnneli, Wasen unser Angebot in<\/p>\n","protected":false},"author":1,"featured_media":0,"parent":369,"menu_order":1,"comment_status":"closed","ping_status":"closed","template":"","meta":{"ngg_post_thumbnail":0,"footnotes":""},"class_list":["post-376","page","type-page","status-publish","hentry"],"_links":{"self":[{"href":"https:\/\/familietraeff.haas-strahm.ch\/index.php\/wp-json\/wp\/v2\/pages\/376","targetHints":{"allow":["GET"]}}],"collection":[{"href":"https:\/\/familietraeff.haas-strahm.ch\/index.php\/wp-json\/wp\/v2\/pages"}],"about":[{"href":"https:\/\/familietraeff.haas-strahm.ch\/index.php\/wp-json\/wp\/v2\/types\/page"}],"author":[{"embeddable":true,"href":"https:\/\/familietraeff.haas-strahm.ch\/index.php\/wp-json\/wp\/v2\/users\/1"}],"replies":[{"embeddable":true,"href":"https:\/\/familietraeff.haas-strahm.ch\/index.php\/wp-json\/wp\/v2\/comments?post=376"}],"version-history":[{"count":9,"href":"https:\/\/familietraeff.haas-strahm.ch\/index.php\/wp-json\/wp\/v2\/pages\/376\/revisions"}],"predecessor-version":[{"id":823,"href":"https:\/\/familietraeff.haas-strahm.ch\/index.php\/wp-json\/wp\/v2\/pages\/376\/revisions\/823"}],"up":[{"embeddable":true,"href":"https:\/\/familietraeff.haas-strahm.ch\/index.php\/wp-json\/wp\/v2\/pages\/369"}],"wp:attachment":[{"href":"https:\/\/familietraeff.haas-strahm.ch\/index.php\/wp-json\/wp\/v2\/media?parent=376"}],"curies":[{"name":"wp","href":"https:\/\/api.w.org\/{rel}","templated":true}]}}