{"id":372,"date":"2020-06-13T21:30:56","date_gmt":"2020-06-13T19:30:56","guid":{"rendered":"https:\/\/familietraeff.haas-strahm.ch\/?page_id=372"},"modified":"2021-05-04T09:35:53","modified_gmt":"2021-05-04T07:35:53","slug":"portrait-ferienpass","status":"publish","type":"page","link":"https:\/\/familietraeff.haas-strahm.ch\/index.php\/portrait-ferienpass\/","title":{"rendered":"Portrait Ferienpass"},"content":{"rendered":"\n<div class=\"wp-block-columns is-layout-flex wp-container-core-columns-is-layout-28f84493 wp-block-columns-is-layout-flex\">\n<div class=\"wp-block-column is-layout-flow wp-block-column-is-layout-flow\">\n<p>Seit 1993 bieten wir jedes Jahr tolle Kurse und Aktivit\u00e4ten an f\u00fcr Kinder der Gemeinden Sumiswald-Wasen, Affoltern und Trachselwald-Heimisbach. Unser Ferienpass findet jeweils in der ersten Sommerferienwoche statt.<\/p>\n\n\n\n<p>Wir m\u00f6chten allen interessierten Kindern die Teilnahme am Ferienpass erm\u00f6glichen, weshalb wir bestrebt sind, die Kurskosten tief zu halten. Finanziert wird der Ferienpass vor allem durch unsere gesch\u00e4tzten Sponsoren, sei dies durch g\u00fcnstige oder sogar kostenlose Kursangebote oder durch Geldspenden.<\/p>\n\n\n\n<p>Wir legen Wert darauf, die Kurse m\u00f6glichst regional durchzuf\u00fchren, wobei aber auch einige ausw\u00e4rtige Aktivit\u00e4ten ihren Platz haben. Ein paar Kurse k\u00f6nnen aufgrund des Anbieters bzw. der Infrastruktur nicht in den umliegenden Gemeinden durchgef\u00fchrt werden.<\/p>\n<\/div>\n\n\n\n<div class=\"wp-block-column is-layout-flow wp-block-column-is-layout-flow\">\n<h4 class=\"wp-block-heading\">Herzlich willkommen!<\/h4>\n\n\n\n<h4 class=\"wp-block-heading\">Unser Ferienpass steht f\u00fcr:<\/h4>\n\n\n\n<ul class=\"wp-block-list\"><li>Kreativ sein<\/li><li>Werken<\/li><li>Bewegung<\/li><li>Spass<\/li><li>Motivation<\/li><li>Lachen<\/li><li>Freude<\/li><li>Interesse wecken<\/li><li>Wissen stillen<\/li><li>Abenteuer<\/li><li>Tiere<\/li><li>Kulinarisches<\/li><\/ul>\n<\/div>\n<\/div>\n","protected":false},"excerpt":{"rendered":"<p>Seit 1993 bieten wir jedes Jahr tolle Kurse und Aktivit\u00e4ten an f\u00fcr Kinder der Gemeinden Sumiswald-Wasen, Affoltern und Trachselwald-Heimisbach. Unser<\/p>\n","protected":false},"author":1,"featured_media":0,"parent":0,"menu_order":0,"comment_status":"closed","ping_status":"closed","template":"","meta":{"ngg_post_thumbnail":0,"footnotes":""},"class_list":["post-372","page","type-page","status-publish","hentry"],"_links":{"self":[{"href":"https:\/\/familietraeff.haas-strahm.ch\/index.php\/wp-json\/wp\/v2\/pages\/372","targetHints":{"allow":["GET"]}}],"collection":[{"href":"https:\/\/familietraeff.haas-strahm.ch\/index.php\/wp-json\/wp\/v2\/pages"}],"about":[{"href":"https:\/\/familietraeff.haas-strahm.ch\/index.php\/wp-json\/wp\/v2\/types\/page"}],"author":[{"embeddable":true,"href":"https:\/\/familietraeff.haas-strahm.ch\/index.php\/wp-json\/wp\/v2\/users\/1"}],"replies":[{"embeddable":true,"href":"https:\/\/familietraeff.haas-strahm.ch\/index.php\/wp-json\/wp\/v2\/comments?post=372"}],"version-history":[{"count":8,"href":"https:\/\/familietraeff.haas-strahm.ch\/index.php\/wp-json\/wp\/v2\/pages\/372\/revisions"}],"predecessor-version":[{"id":1007,"href":"https:\/\/familietraeff.haas-strahm.ch\/index.php\/wp-json\/wp\/v2\/pages\/372\/revisions\/1007"}],"wp:attachment":[{"href":"https:\/\/familietraeff.haas-strahm.ch\/index.php\/wp-json\/wp\/v2\/media?parent=372"}],"curies":[{"name":"wp","href":"https:\/\/api.w.org\/{rel}","templated":true}]}}