{"id":369,"date":"2020-06-13T21:30:37","date_gmt":"2020-06-13T19:30:37","guid":{"rendered":"https:\/\/familietraeff.haas-strahm.ch\/?page_id=369"},"modified":"2020-10-18T20:56:46","modified_gmt":"2020-10-18T18:56:46","slug":"portrait-spielgruppe","status":"publish","type":"page","link":"https:\/\/familietraeff.haas-strahm.ch\/index.php\/portrait-spielgruppe\/","title":{"rendered":"Portrait Spielgruppe"},"content":{"rendered":"\n<h4 class=\"wp-block-heading\">Innenspielgruppe und Waldbesuche<\/h4>\n\n\n\n<p>Die Spielgruppe Himug\u00fcegeli und S\u00fcnneli sind Innenspielgruppen mit monatlichen Waldbesuchen. Die Kinder, im Alter von ca. 3 Jahren, werden in Gruppen von 8 Kindern von einer ausgebildeten Spielgruppenleiterin geleitet, liebevoll betreut und vielseitig gef\u00f6rdert. Neben dem gemeinsamen Spielen, Basteln und Singen geht es hierbei auch um das Sammeln weiterf\u00fchrender Kontakte. Je nach Bed\u00fcrfnis bieten wir bis zu neun Halbtage von je zweieinhalb Stunden Spielgruppe an.<\/p>\n\n\n\n<p>Neueintritte sind jeweils bei Semesterbeginn im Februar und August m\u00f6glich.  Im Fr\u00fchling und im Herbst werden in den Spielgruppen Schnuppernachmittage organisiert. Einladungen, inkl. einem Anmeldeformular, werden den Kindern aus Sumiswald, Gr\u00fcnen, Wasen, Heimisbach und Trachselwald im entsprechenden Jahrgang zugestellt. Interessierte Eltern ausw\u00e4rtiger Kinder oder neu zugezogene Familien k\u00f6nnen die Unterlagen auf dem Sekretariat anfordern.<\/p>\n\n\n\n<p>F\u00fcr Ausk\u00fcnfte zum Spielgruppenbetrieb stehen wir Ihnen sehr gerne zur Verf\u00fcgung. Z\u00f6gern Sie nicht und kontaktieren Sie uns.<\/p>\n\n\n\n<blockquote class=\"wp-block-quote is-layout-flow wp-block-quote-is-layout-flow\"><p><strong>Die gr\u00f6sste Kunst ist, den Kindern alles, was sie tun oder lernen sollen zum Spiel zu machen.&#8220;<\/strong><\/p><cite><em>John Loche (1632-1704), englischer Philosoph und Politiker<\/em><\/cite><\/blockquote>\n\n\n\n<p><\/p>\n\n\n\n<p><\/p>\n","protected":false},"excerpt":{"rendered":"<p>Innenspielgruppe und Waldbesuche Die Spielgruppe Himug\u00fcegeli und S\u00fcnneli sind Innenspielgruppen mit monatlichen Waldbesuchen. Die Kinder, im Alter von ca. 3<\/p>\n","protected":false},"author":1,"featured_media":0,"parent":0,"menu_order":0,"comment_status":"closed","ping_status":"closed","template":"","meta":{"ngg_post_thumbnail":0,"footnotes":""},"class_list":["post-369","page","type-page","status-publish","hentry"],"_links":{"self":[{"href":"https:\/\/familietraeff.haas-strahm.ch\/index.php\/wp-json\/wp\/v2\/pages\/369","targetHints":{"allow":["GET"]}}],"collection":[{"href":"https:\/\/familietraeff.haas-strahm.ch\/index.php\/wp-json\/wp\/v2\/pages"}],"about":[{"href":"https:\/\/familietraeff.haas-strahm.ch\/index.php\/wp-json\/wp\/v2\/types\/page"}],"author":[{"embeddable":true,"href":"https:\/\/familietraeff.haas-strahm.ch\/index.php\/wp-json\/wp\/v2\/users\/1"}],"replies":[{"embeddable":true,"href":"https:\/\/familietraeff.haas-strahm.ch\/index.php\/wp-json\/wp\/v2\/comments?post=369"}],"version-history":[{"count":10,"href":"https:\/\/familietraeff.haas-strahm.ch\/index.php\/wp-json\/wp\/v2\/pages\/369\/revisions"}],"predecessor-version":[{"id":646,"href":"https:\/\/familietraeff.haas-strahm.ch\/index.php\/wp-json\/wp\/v2\/pages\/369\/revisions\/646"}],"wp:attachment":[{"href":"https:\/\/familietraeff.haas-strahm.ch\/index.php\/wp-json\/wp\/v2\/media?parent=369"}],"curies":[{"name":"wp","href":"https:\/\/api.w.org\/{rel}","templated":true}]}}